{"id":506,"date":"2022-08-24T20:30:41","date_gmt":"2022-08-24T20:30:41","guid":{"rendered":"https:\/\/financasimplesja.online\/?page_id=506"},"modified":"2022-08-24T20:30:41","modified_gmt":"2022-08-24T20:30:41","slug":"sobre-nos","status":"publish","type":"page","link":"https:\/\/financasimplesja.online\/?page_id=506","title":{"rendered":"Sobre n\u00f3s"},"content":{"rendered":"\n<p>Seja bem vindo ao nosso site. Aqui voc\u00ea encontrar\u00e1 diversas possibilidades de ser aceito ao mercado de cr\u00e9dito CDC. Saiba como ampliar suas chances e tamb\u00e9m de como voltar a ter cr\u00e9dito de uma forma simples e f\u00e1cil.<\/p>\n\n\n\n<p>Navegue a vontade em nosso site!<\/p>\n\n\n\n<p>Quer se tornar membro do nosso site? tem alguma duvida sobre? para mais informa\u00e7\u00f5es nos contate por E-mail pelo formul\u00e1rio ou diretamente por este email (rafael.arantess20@gmail.com).<\/p>\n","protected":false},"excerpt":{"rendered":"<p>Seja bem vindo ao nosso site. Aqui voc\u00ea encontrar\u00e1 diversas possibilidades de ser aceito ao mercado de cr\u00e9dito CDC. Saiba<\/p>\n","protected":false},"author":1,"featured_media":0,"parent":0,"menu_order":0,"comment_status":"closed","ping_status":"closed","template":"","meta":{"om_disable_all_campaigns":false},"aioseo_notices":[],"_links":{"self":[{"href":"https:\/\/financasimplesja.online\/index.php?rest_route=\/wp\/v2\/pages\/506"}],"collection":[{"href":"https:\/\/financasimplesja.online\/index.php?rest_route=\/wp\/v2\/pages"}],"about":[{"href":"https:\/\/financasimplesja.online\/index.php?rest_route=\/wp\/v2\/types\/page"}],"author":[{"embeddable":true,"href":"https:\/\/financasimplesja.online\/index.php?rest_route=\/wp\/v2\/users\/1"}],"replies":[{"embeddable":true,"href":"https:\/\/financasimplesja.online\/index.php?rest_route=%2Fwp%2Fv2%2Fcomments&post=506"}],"version-history":[{"count":1,"href":"https:\/\/financasimplesja.online\/index.php?rest_route=\/wp\/v2\/pages\/506\/revisions"}],"predecessor-version":[{"id":507,"href":"https:\/\/financasimplesja.online\/index.php?rest_route=\/wp\/v2\/pages\/506\/revisions\/507"}],"wp:attachment":[{"href":"https:\/\/financasimplesja.online\/index.php?rest_route=%2Fwp%2Fv2%2Fmedia&parent=506"}],"curies":[{"name":"wp","href":"https:\/\/api.w.org\/{rel}","templated":true}]}}